{"id":7009,"date":"2025-02-14T12:55:03","date_gmt":"2025-02-14T11:55:03","guid":{"rendered":"https:\/\/food-for-your-skin.com\/?page_id=7009"},"modified":"2026-03-21T07:52:38","modified_gmt":"2026-03-21T06:52:38","slug":"akne-foodliste","status":"publish","type":"page","link":"https:\/\/food-for-your-skin.com\/de\/akne-foodliste\/","title":{"rendered":"Kostenlose Akne-Foodliste"},"content":{"rendered":"<p><!-- Text --><\/p>\n<p style=\"margin: 0 0 20px;\">Wenn du das Gef\u00fchl hast, dass deine Haut auf Essen reagiert, du aber nicht wei\u00dft, <strong>worauf genau<\/strong>, hilft dir diese Liste, m\u00f6gliche Zusammenh\u00e4nge besser einzuordnen.<\/p>\n<p style=\"margin: 0 0 20px;\">Sie ist eine Orientierungshilfe, <strong>keine Verbotsliste<\/strong>, sondern ein Werkzeug, um den eigenen K\u00f6rper besser zu verstehen.<\/p>\n<p style=\"margin: 0 0 32px;\">Ein <strong>PDF zum Ausdrucken<\/strong> mit Informationen zu <strong>\u00fcber 260 Lebensmitteln<\/strong>.<\/p>\n<div id=\"mc_embed_shell\" style=\"content-visibility: auto; contain-intrinsic-size: 600px; margin-top: -5px;\">\n<div id=\"mc_embed_signup\">\n<form id=\"mc-embedded-subscribe-form\"\n      action=\"https:\/\/food-for-your-skin.us5.list-manage.com\/subscribe\/post?u=cde4d5b0a3e587b26f3acf794&amp;id=a5c4206403&amp;f_id=009e43edf0\"\n      method=\"post\" target=\"_self\" style=\"margin:0;\"><\/p>\n<div id=\"mc_embed_signup_scroll\">\n<p>        <!-- Email --><\/p>\n<div style=\"margin-bottom: 8px;\">\n          <label for=\"mce-EMAIL\" style=\"display:block; margin-bottom:4px;\"><br \/>\n            Email-Adresse *<br \/>\n          <\/label><br \/>\n          <input id=\"mce-EMAIL\" name=\"EMAIL\" type=\"email\" required\n            style=\"display:block; width:100%; max-width:320px; padding:10px; border:1px solid #ddd; border-radius:4px;\" \/>\n        <\/div>\n<p>        <!-- Vorname --><\/p>\n<div style=\"margin-bottom: 10px;\">\n          <label for=\"mce-FNAME\" style=\"display:block; margin-bottom:4px;\"><br \/>\n            Vorname *<br \/>\n          <\/label><br \/>\n          <input id=\"mce-FNAME\" name=\"FNAME\" type=\"text\" required\n            style=\"display:block; width:100%; max-width:320px; padding:10px; border:1px solid #ddd; border-radius:4px;\" \/>\n        <\/div>\n<div hidden>\n          <input name=\"tags\" type=\"hidden\" value=\"4557208\" \/>\n        <\/div>\n<div id=\"mce-responses\" class=\"clear\">\n<div id=\"mce-error-response\" class=\"response\" style=\"display: none;\"><\/div>\n<div id=\"mce-success-response\" class=\"response\" style=\"display: none;\"><\/div>\n<\/p><\/div>\n<div style=\"position: absolute; left: -5000px;\" aria-hidden=\"true\">\n          <input tabindex=\"-1\" name=\"b_cde4d5b0a3e587b26f3acf794_a5c4206403\" type=\"text\" value=\"\" \/>\n        <\/div>\n<p>        <!-- Button --><\/p>\n<div>\n          <input id=\"mc-embedded-subscribe\" name=\"subscribe\" type=\"submit\"\n            value=\"Akne-Foodliste erhalten\"\n            style=\"margin-top: 6px; padding:10px 16px; background-color:#6a8f7b; color:#fff; border:none; border-radius:4px; cursor:pointer;\" \/>\n        <\/div>\n<\/p><\/div>\n<\/p><\/form>\n<\/p><\/div>\n<\/div>\n<p><!-- Rechtstext --><\/p>\n<p style=\"margin-top:8px; margin-bottom:10px; max-width:500px;\">\n  Mit dem Absenden erh\u00e4ltst du die Akne-Foodliste per E-Mail sowie weitere Informationen rund um Akne, Ern\u00e4hrung und Hautgesundheit. Du kannst dich jederzeit wieder abmelden.<br \/>\n  <a href=\"https:\/\/food-for-your-skin.com\/de\/datenschutz\/\" target=\"_blank\" rel=\"noopener\">Datenschutzerkl\u00e4rung<\/a><\/p>\n","protected":false},"excerpt":{"rendered":"<p>Wenn du das Gef\u00fchl hast, dass deine Haut auf Essen reagiert, du aber nicht wei\u00dft, worauf genau, hilft dir diese Liste, m\u00f6gliche Zusammenh\u00e4nge besser einzuordnen. Sie ist eine Orientierungshilfe, keine Verbotsliste, sondern ein Werkzeug, um den eigenen K\u00f6rper besser zu verstehen. Ein PDF zum Ausdrucken mit Informationen zu \u00fcber 260 &#8230; <a title=\"Kostenlose Akne-Foodliste\" class=\"read-more\" href=\"https:\/\/food-for-your-skin.com\/de\/akne-foodliste\/\" aria-label=\"Mehr Informationen \u00fcber Kostenlose Akne-Foodliste\">Mehr erfahren<\/a><\/p>\n","protected":false},"author":229155904,"featured_media":9060,"parent":0,"menu_order":0,"comment_status":"closed","ping_status":"closed","template":"","meta":{"_crdt_document":"","wprm-recipe-roundup-name":"","wprm-recipe-roundup-description":"","footnotes":""},"class_list":["post-7009","page","type-page","status-publish","has-post-thumbnail"],"aioseo_notices":[],"_links":{"self":[{"href":"https:\/\/food-for-your-skin.com\/de\/wp-json\/wp\/v2\/pages\/7009","targetHints":{"allow":["GET"]}}],"collection":[{"href":"https:\/\/food-for-your-skin.com\/de\/wp-json\/wp\/v2\/pages"}],"about":[{"href":"https:\/\/food-for-your-skin.com\/de\/wp-json\/wp\/v2\/types\/page"}],"author":[{"embeddable":true,"href":"https:\/\/food-for-your-skin.com\/de\/wp-json\/wp\/v2\/users\/229155904"}],"replies":[{"embeddable":true,"href":"https:\/\/food-for-your-skin.com\/de\/wp-json\/wp\/v2\/comments?post=7009"}],"version-history":[{"count":98,"href":"https:\/\/food-for-your-skin.com\/de\/wp-json\/wp\/v2\/pages\/7009\/revisions"}],"predecessor-version":[{"id":8461,"href":"https:\/\/food-for-your-skin.com\/de\/wp-json\/wp\/v2\/pages\/7009\/revisions\/8461"}],"wp:featuredmedia":[{"embeddable":true,"href":"https:\/\/food-for-your-skin.com\/de\/wp-json\/wp\/v2\/media\/9060"}],"wp:attachment":[{"href":"https:\/\/food-for-your-skin.com\/de\/wp-json\/wp\/v2\/media?parent=7009"}],"curies":[{"name":"wp","href":"https:\/\/api.w.org\/{rel}","templated":true}]}}