{"id":7456,"date":"2026-01-09T05:07:58","date_gmt":"2026-01-09T04:07:58","guid":{"rendered":"https:\/\/food-for-your-skin.com\/refund-policy\/"},"modified":"2026-01-30T22:08:56","modified_gmt":"2026-01-30T21:08:56","slug":"widerrufsrecht","status":"publish","type":"page","link":"https:\/\/food-for-your-skin.com\/de\/widerrufsrecht\/","title":{"rendered":"Widerrufsrecht"},"content":{"rendered":"\r\n<h3 class=\"wp-block-heading has-black-color has-text-color has-link-color has-medium-font-size wp-elements-af2367111737fd3e7286993d6ca21453\"><strong>\u00dcbersicht \u00fcber die R\u00fcckgaberegeln<\/strong><\/h3>\r\n\r\n\r\n\r\n<ul class=\"wp-block-list\">\r\n<li class=\"has-black-color has-text-color has-link-color wp-elements-0f773b2e3a163d6529ca1c358e485128\">R\u00fcckgaben innerhalb von 30 Tagen akzeptiert<\/li>\r\n\r\n\r\n\r\n<li class=\"has-black-color has-text-color has-link-color wp-elements-6dc6f68ce8589e7e0917265bd8304425\">Kunde tr\u00e4gt R\u00fccksendekosten<\/li>\r\n\r\n\r\n\r\n<li class=\"has-black-color has-text-color has-link-color wp-elements-f0d7b3e8d9b2e99b85bf35872144c6a2\">Keine Wiedereinlagerungsgeb\u00fchr<\/li>\r\n\r\n\r\n\r\n<li class=\"has-black-color has-text-color has-link-color wp-elements-b46c682c9c3ccf306bc901cb3bb30671\">Keine vom Umtausch ausgeschlossenen Artikel<\/li>\r\n<\/ul>\r\n\r\n\r\n\r\n<div class=\"wp-block-spacer\" style=\"height: 10px;\" aria-hidden=\"true\">\u00a0<\/div>\r\n\r\n\r\n\r\n<h3 class=\"wp-block-heading has-black-color has-text-color has-link-color has-medium-font-size wp-elements-d6ef4639894b900ce8af3fb713010441\"><strong>Widerrufsbelehrung<\/strong><\/h3>\r\n\r\n\r\n\r\n<p class=\"has-black-color has-text-color has-link-color wp-elements-84580ec07c96fb54e80df3390d56b4b6 wp-block-paragraph\">Verbraucher haben ein 14-t\u00e4giges Widerrufsrecht.\u00a0<\/p>\r\n\r\n\r\n\r\n<p class=\"has-black-color has-text-color has-link-color wp-elements-89fee824d3d2278e8aea847148c5e4a2 wp-block-paragraph\">Unbeschadet\u00a0deiner\u00a0gesetzlichen Rechte\u00a0gew\u00e4hre ich dir\u00a030 Tage Widerrufsrecht.\u00a0Du kannst dir\u00a030 Tage Zeit nehmen,\u00a0die Ware\u00a0ausgiebig zu begutachten. Innerhalb dieser 30 Tage\u00a0kannst du\u00a0die bestellten Artikel problemlos retournieren.<\/p>\r\n\r\n\r\n\r\n<p class=\"has-black-color has-text-color has-link-color wp-elements-440686529769b7e30ff589571265cf52 wp-block-paragraph\">Das Widerrufsrecht bei Dienstleistungen erlischt, wenn Food For Your Skin die Dienstleistung bereits vollst\u00e4ndig erbracht hat. Bei E-Books erlischt das Widerrufsrecht, sobald der Download-Link zur Verf\u00fcgung gestellt wurde. Bei der Ern\u00e4hrungsberatung erlischt das Widerrufsrecht, wenn die Beratung bereits stattgefunden hat.<\/p>\r\n\r\n\r\n\r\n<p class=\"has-black-color has-text-color has-link-color wp-elements-a8c51f982779e85c00221d6e1cfadb00 wp-block-paragraph\">Ma\u00dfangefertigte und personalisierte Gegenst\u00e4nde wie ein Schneidebrett mit Gravur sind vom Umtausch und der R\u00fcckgabe ausgeschlossen.<\/p>\r\n\r\n\r\n\r\n<div class=\"wp-block-spacer\" style=\"height: 10px;\" aria-hidden=\"true\">\u00a0<\/div>\r\n\r\n\r\n\r\n<h3 class=\"wp-block-heading has-black-color has-text-color has-link-color has-medium-font-size wp-elements-97ad78db2c986286a251334337d773fe\"><strong>Widerrufsrecht<\/strong><\/h3>\r\n\r\n\r\n\r\n<p class=\"has-black-color has-text-color has-link-color wp-elements-8f36d1dba7786b2a2df001ab65526c24 wp-block-paragraph\">Du hast\u00a0das Recht, binnen\u00a030\u00a0Tagen ohne Angabe von Gr\u00fcnden diesen Vertrag zu widerrufen. Die Widerrufsfrist betr\u00e4gt\u00a030 Tage ab dem Tag, an dem\u00a0du oder ein von\u00a0dir benannter Dritter, der nicht der Bef\u00f6rderer ist, die Waren in Besitz genommen hat oder\u00a0du den Vertrag \u00fcber die Dienstleistung abgeschlossen\u00a0hast.<\/p>\r\n\r\n\r\n\r\n<p class=\"has-black-color has-text-color has-link-color wp-elements-e6e36cf6f2785aa2f2e9c2c8146040c1 wp-block-paragraph\">Um\u00a0dein Widerrufsrecht auszu\u00fcben, musst du mir (Nicole Blair,\u00a0Kolonnenstr. 8, 10827 Berlin,\u00a0Mail: info@food-for-your-skin.com, Mobil: +49 157 88720423) mittels einer eindeutigen Erkl\u00e4rung (z.B. ein mit der Post versandter Brief oder eine E-Mail) \u00fcber\u00a0deinen Entschluss, diesen Vertrag zu widerrufen, informieren.\u00a0Du\u00a0Kannst daf\u00fcr das beigef\u00fcgte Muster-Widerrufsformular verwenden, das jedoch nicht vorgeschrieben ist.<\/p>\r\n\r\n\r\n\r\n<p class=\"has-black-color has-text-color has-link-color wp-elements-7705720a830c4a31808a03e3c949a877 wp-block-paragraph\">Zur Wahrung der Widerrufsfrist reicht es aus, dass\u00a0du die Mitteilung \u00fcber die Aus\u00fcbung des Widerrufsrechts vor Ablauf der Widerrufsfrist absendest.<\/p>\r\n\r\n\r\n\r\n<div class=\"wp-block-spacer\" style=\"height: 10px;\" aria-hidden=\"true\">\u00a0<\/div>\r\n\r\n\r\n\r\n<h3 class=\"wp-block-heading has-black-color has-text-color has-link-color has-medium-font-size wp-elements-02350aee23d163db36d298acacdaeac7\">\u00a0<\/h3>\r\n\r\n\r\n\r\n<div class=\"wp-block-spacer\" style=\"height: 10px;\" aria-hidden=\"true\">\u00a0<\/div>\r\n\r\n\r\n\r\n<figure class=\"wp-block-table\">\r\n<table class=\"has-fixed-layout\">\r\n<tbody>\r\n<tr>\r\n<td><strong>Model cancellation form<\/strong> <em>(If you want to cancel the contract, please fill out the form below and send it back to us.)<\/em> \u00a0\u2014 To Nicole Blair, Kolonnenstr. 8, 10827 Berlin,\u00a0info@food-for-your-skin.com \u2014 I \/ We(*) hereby give notice that I \/We(*) cancel my\/our (*) contract of sale of the following goods (*)\/for the supply of the following service(*) \u2014 Ordered on (*) \/ received on (*) \u2014 Name of consumer(s) \u2014 Address of consumer(s) \u2014 Signature of consumer(s) (only if this for is notified on paper) \u2014 Date<br \/><br \/>(*) Delete as appropriate<\/td>\r\n<\/tr>\r\n<\/tbody>\r\n<\/table>\r\n<\/figure>\r\n","protected":false},"excerpt":{"rendered":"<p>\u00dcbersicht \u00fcber die R\u00fcckgaberegeln Widerrufsbelehrung Verbraucher haben ein 14-t\u00e4giges Widerrufsrecht.\u00a0 Unbeschadet\u00a0deiner\u00a0gesetzlichen Rechte\u00a0gew\u00e4hre ich dir\u00a030 Tage Widerrufsrecht.\u00a0Du kannst dir\u00a030 Tage Zeit nehmen,\u00a0die Ware\u00a0ausgiebig zu begutachten. Innerhalb dieser 30 Tage\u00a0kannst du\u00a0die bestellten Artikel problemlos retournieren. Das Widerrufsrecht bei Dienstleistungen erlischt, wenn Food For Your Skin die Dienstleistung bereits vollst\u00e4ndig erbracht hat. Bei &#8230; <a title=\"Widerrufsrecht\" class=\"read-more\" href=\"https:\/\/food-for-your-skin.com\/de\/widerrufsrecht\/\" aria-label=\"Mehr Informationen \u00fcber Widerrufsrecht\">Mehr erfahren<\/a><\/p>\n","protected":false},"author":229155904,"featured_media":0,"parent":0,"menu_order":0,"comment_status":"closed","ping_status":"closed","template":"page-template\/template-full-width.php","meta":{"_crdt_document":"","wprm-recipe-roundup-name":"","wprm-recipe-roundup-description":"","footnotes":""},"class_list":["post-7456","page","type-page","status-publish"],"aioseo_notices":[],"_hostinger_reach_plugin_has_subscription_block":false,"_hostinger_reach_plugin_is_elementor":false,"_links":{"self":[{"href":"https:\/\/food-for-your-skin.com\/de\/wp-json\/wp\/v2\/pages\/7456","targetHints":{"allow":["GET"]}}],"collection":[{"href":"https:\/\/food-for-your-skin.com\/de\/wp-json\/wp\/v2\/pages"}],"about":[{"href":"https:\/\/food-for-your-skin.com\/de\/wp-json\/wp\/v2\/types\/page"}],"author":[{"embeddable":true,"href":"https:\/\/food-for-your-skin.com\/de\/wp-json\/wp\/v2\/users\/229155904"}],"replies":[{"embeddable":true,"href":"https:\/\/food-for-your-skin.com\/de\/wp-json\/wp\/v2\/comments?post=7456"}],"version-history":[{"count":4,"href":"https:\/\/food-for-your-skin.com\/de\/wp-json\/wp\/v2\/pages\/7456\/revisions"}],"predecessor-version":[{"id":7643,"href":"https:\/\/food-for-your-skin.com\/de\/wp-json\/wp\/v2\/pages\/7456\/revisions\/7643"}],"wp:attachment":[{"href":"https:\/\/food-for-your-skin.com\/de\/wp-json\/wp\/v2\/media?parent=7456"}],"curies":[{"name":"wp","href":"https:\/\/api.w.org\/{rel}","templated":true}]}}